{"id":56,"date":"2024-06-07T10:21:56","date_gmt":"2024-06-07T08:21:56","guid":{"rendered":"https:\/\/a61361.mguro.sde.dk\/?page_id=56"},"modified":"2024-06-10T12:10:49","modified_gmt":"2024-06-10T10:10:49","slug":"elementor-56","status":"publish","type":"page","link":"https:\/\/a61361.mguro.sde.dk\/?page_id=56","title":{"rendered":"Elementor #56"},"content":{"rendered":"\t\t<div data-elementor-type=\"wp-page\" data-elementor-id=\"56\" class=\"elementor elementor-56\">\n\t\t\t\t<div class=\"elementor-element elementor-element-93b172e e-con-full e-flex e-con e-parent\" data-id=\"93b172e\" data-element_type=\"container\" data-settings=\"{&quot;background_background&quot;:&quot;classic&quot;}\">\n\t\t\t\t<div class=\"elementor-element elementor-element-9fadfd5 elementor-widget elementor-widget-heading\" data-id=\"9fadfd5\" data-element_type=\"widget\" data-widget_type=\"heading.default\">\n\t\t\t\t<div class=\"elementor-widget-container\">\n\t\t\t<style>\/*! elementor - v3.21.0 - 15-04-2024 *\/\n.elementor-heading-title{padding:0;margin:0;line-height:1}.elementor-widget-heading .elementor-heading-title[class*=elementor-size-]>a{color:inherit;font-size:inherit;line-height:inherit}.elementor-widget-heading .elementor-heading-title.elementor-size-small{font-size:15px}.elementor-widget-heading .elementor-heading-title.elementor-size-medium{font-size:19px}.elementor-widget-heading .elementor-heading-title.elementor-size-large{font-size:29px}.elementor-widget-heading .elementor-heading-title.elementor-size-xl{font-size:39px}.elementor-widget-heading .elementor-heading-title.elementor-size-xxl{font-size:59px}<\/style><h2 class=\"elementor-heading-title elementor-size-default\">Fr\u00f8bomben<\/h2>\t\t<\/div>\n\t\t\t\t<\/div>\n\t\t\t\t<div class=\"elementor-element elementor-element-15815e5 elementor-widget__width-initial elementor-widget elementor-widget-text-editor\" data-id=\"15815e5\" data-element_type=\"widget\" data-widget_type=\"text-editor.default\">\n\t\t\t\t<div class=\"elementor-widget-container\">\n\t\t\t<style>\/*! elementor - v3.21.0 - 15-04-2024 *\/\n.elementor-widget-text-editor.elementor-drop-cap-view-stacked .elementor-drop-cap{background-color:#69727d;color:#fff}.elementor-widget-text-editor.elementor-drop-cap-view-framed .elementor-drop-cap{color:#69727d;border:3px solid;background-color:transparent}.elementor-widget-text-editor:not(.elementor-drop-cap-view-default) .elementor-drop-cap{margin-top:8px}.elementor-widget-text-editor:not(.elementor-drop-cap-view-default) .elementor-drop-cap-letter{width:1em;height:1em}.elementor-widget-text-editor .elementor-drop-cap{float:left;text-align:center;line-height:1;font-size:50px}.elementor-widget-text-editor .elementor-drop-cap-letter{display:inline-block}<\/style>\t\t\t\t<p><em>En fr\u00f8bombe er en kugle af lerjord fyldt med fr\u00f8. &#8220;Bomberne&#8221; kastes forskellige steder, hvor man gerne vil have, at det begynder at spire. Mens fr\u00f8ene i bomben venter p\u00e5 at spire, er de beskyttet fra at blive spredt af vinden eller spist af fuglene.<\/em><\/p>\t\t\t\t\t\t<\/div>\n\t\t\t\t<\/div>\n\t\t\t\t<div class=\"elementor-element elementor-element-871b400 elementor-widget elementor-widget-heading\" data-id=\"871b400\" data-element_type=\"widget\" data-widget_type=\"heading.default\">\n\t\t\t\t<div class=\"elementor-widget-container\">\n\t\t\t<h2 class=\"elementor-heading-title elementor-size-default\">Fr\u00f8bombens historie<\/h2>\t\t<\/div>\n\t\t\t\t<\/div>\n\t\t\t\t<div class=\"elementor-element elementor-element-07f68cd elementor-widget__width-initial elementor-widget elementor-widget-text-editor\" data-id=\"07f68cd\" data-element_type=\"widget\" data-widget_type=\"text-editor.default\">\n\t\t\t\t<div class=\"elementor-widget-container\">\n\t\t\t\t\t\t\t<p><img decoding=\"async\" class=\"wp-image-100 alignleft\" src=\"https:\/\/a61361.mguro.sde.dk\/wp-content\/uploads\/2024\/06\/bombe-300x278.png\" alt=\"\" width=\"73\" height=\"67\" srcset=\"https:\/\/a61361.mguro.sde.dk\/wp-content\/uploads\/2024\/06\/bombe-300x278.png 300w, https:\/\/a61361.mguro.sde.dk\/wp-content\/uploads\/2024\/06\/bombe.png 571w\" sizes=\"(max-width: 73px) 100vw, 73px\" \/>Allerede i oldtiden brugte man fr\u00f8bomber i Mellem\u00f8sten og Nordafrika. Fr\u00f8bomberne blev genopdaget i 1930&#8217;erne af den japanske forsker og landmand Masanobu Fukuoka, der eksperimenterede med naturlige dyrkningsteknikker for at finde nye m\u00e5der at forbedre effektiviteten i produktionen af mad under 2. verdenskrig.<br \/><span style=\"font-style: inherit; font-weight: inherit; text-align: var(--text-align);\"><br \/>Nu kender man mest fr\u00f8bomber fra byerne, hvor de bruges til at g\u00f8re byggetomter, gamle industrigrunde og andre forladte byrum, gr\u00f8nne og levende.\u00a0<\/span><\/p>\t\t\t\t\t\t<\/div>\n\t\t\t\t<\/div>\n\t\t\t\t<div class=\"elementor-element elementor-element-3f3acc6 elementor-widget elementor-widget-heading\" data-id=\"3f3acc6\" data-element_type=\"widget\" data-widget_type=\"heading.default\">\n\t\t\t\t<div class=\"elementor-widget-container\">\n\t\t\t<h2 class=\"elementor-heading-title elementor-size-default\">Gl\u00e6d bierne med en fr\u00f8bombe<\/h2>\t\t<\/div>\n\t\t\t\t<\/div>\n\t\t\t\t<div class=\"elementor-element elementor-element-0dbb199 elementor-widget__width-initial elementor-widget elementor-widget-text-editor\" data-id=\"0dbb199\" data-element_type=\"widget\" data-widget_type=\"text-editor.default\">\n\t\t\t\t<div class=\"elementor-widget-container\">\n\t\t\t\t\t\t\t<p>Bierne har brug for ekstra n\u00e6ring og protein, som de f\u00e5r fra blomsternes pollen. Herunder kan du se nogle af de bedst egnede biblomster. T\u00e6nk p\u00e5 bierne, n\u00e5r du sammens\u00e6tter dit mix.<\/p>\t\t\t\t\t\t<\/div>\n\t\t\t\t<\/div>\n\t\t\t\t<div class=\"elementor-element elementor-element-579aaf3 elementor-widget elementor-widget-heading\" data-id=\"579aaf3\" data-element_type=\"widget\" data-widget_type=\"heading.default\">\n\t\t\t\t<div class=\"elementor-widget-container\">\n\t\t\t<h2 class=\"elementor-heading-title elementor-size-default\">Tilf\u00f8j din overskrift her<\/h2>\t\t<\/div>\n\t\t\t\t<\/div>\n\t\t<div class=\"elementor-element elementor-element-e4382da e-grid e-con-boxed e-con e-child\" data-id=\"e4382da\" data-element_type=\"container\">\n\t\t\t\t\t<div class=\"e-con-inner\">\n\t\t\t\t<div class=\"elementor-element elementor-element-655d9df elementor-widget elementor-widget-image\" data-id=\"655d9df\" data-element_type=\"widget\" data-widget_type=\"image.default\">\n\t\t\t\t<div class=\"elementor-widget-container\">\n\t\t\t<style>\/*! elementor - v3.21.0 - 15-04-2024 *\/\n.elementor-widget-image{text-align:center}.elementor-widget-image a{display:inline-block}.elementor-widget-image a img[src$=\".svg\"]{width:48px}.elementor-widget-image img{vertical-align:middle;display:inline-block}<\/style>\t\t\t\t\t\t\t\t\t\t<img decoding=\"async\" src=\"https:\/\/a61361.mguro.sde.dk\/wp-content\/plugins\/elementor\/assets\/images\/placeholder.png\" title=\"\" alt=\"\" loading=\"lazy\" \/>\t\t\t\t\t\t\t\t\t\t\t\t\t<\/div>\n\t\t\t\t<\/div>\n\t\t\t\t<div class=\"elementor-element elementor-element-6dc5208 elementor-widget elementor-widget-image\" data-id=\"6dc5208\" data-element_type=\"widget\" data-widget_type=\"image.default\">\n\t\t\t\t<div class=\"elementor-widget-container\">\n\t\t\t\t\t\t\t\t\t\t\t\t\t<img decoding=\"async\" src=\"https:\/\/a61361.mguro.sde.dk\/wp-content\/plugins\/elementor\/assets\/images\/placeholder.png\" title=\"\" alt=\"\" loading=\"lazy\" \/>\t\t\t\t\t\t\t\t\t\t\t\t\t<\/div>\n\t\t\t\t<\/div>\n\t\t\t\t<div class=\"elementor-element elementor-element-54f4b76 elementor-widget elementor-widget-image\" data-id=\"54f4b76\" data-element_type=\"widget\" data-widget_type=\"image.default\">\n\t\t\t\t<div class=\"elementor-widget-container\">\n\t\t\t\t\t\t\t\t\t\t\t\t\t<img decoding=\"async\" src=\"https:\/\/a61361.mguro.sde.dk\/wp-content\/plugins\/elementor\/assets\/images\/placeholder.png\" title=\"\" alt=\"\" loading=\"lazy\" \/>\t\t\t\t\t\t\t\t\t\t\t\t\t<\/div>\n\t\t\t\t<\/div>\n\t\t\t\t\t<\/div>\n\t\t\t\t<\/div>\n\t\t\t\t<\/div>\n\t\t<div class=\"elementor-element elementor-element-82d83d7 e-con-full e-flex e-con e-parent\" data-id=\"82d83d7\" data-element_type=\"container\" data-settings=\"{&quot;background_background&quot;:&quot;classic&quot;}\">\n\t\t\t\t<div class=\"elementor-element elementor-element-5fdcc03 elementor-widget elementor-widget-heading\" data-id=\"5fdcc03\" data-element_type=\"widget\" data-widget_type=\"heading.default\">\n\t\t\t\t<div class=\"elementor-widget-container\">\n\t\t\t<h2 class=\"elementor-heading-title elementor-size-default\">S\u00e5dan laver du en fr\u00f8bombe<\/h2>\t\t<\/div>\n\t\t\t\t<\/div>\n\t\t\t\t<div class=\"elementor-element elementor-element-4050087 elementor-widget elementor-widget-heading\" data-id=\"4050087\" data-element_type=\"widget\" data-widget_type=\"heading.default\">\n\t\t\t\t<div class=\"elementor-widget-container\">\n\t\t\t<h2 class=\"elementor-heading-title elementor-size-default\">Du skal bruge<\/h2>\t\t<\/div>\n\t\t\t\t<\/div>\n\t\t<div class=\"elementor-element elementor-element-20bf70d e-grid e-con-boxed e-con e-child\" data-id=\"20bf70d\" data-element_type=\"container\">\n\t\t\t\t\t<div class=\"e-con-inner\">\n\t\t\t\t<div class=\"elementor-element elementor-element-22b69c9 elementor-widget elementor-widget-image\" data-id=\"22b69c9\" data-element_type=\"widget\" data-widget_type=\"image.default\">\n\t\t\t\t<div class=\"elementor-widget-container\">\n\t\t\t\t\t\t\t\t\t\t\t\t\t<img fetchpriority=\"high\" decoding=\"async\" width=\"780\" height=\"500\" src=\"https:\/\/a61361.mguro.sde.dk\/wp-content\/uploads\/2024\/06\/Froebombe-redigeret.jpg\" class=\"attachment-large size-large wp-image-130\" alt=\"\" srcset=\"https:\/\/a61361.mguro.sde.dk\/wp-content\/uploads\/2024\/06\/Froebombe-redigeret.jpg 780w, https:\/\/a61361.mguro.sde.dk\/wp-content\/uploads\/2024\/06\/Froebombe-redigeret-300x192.jpg 300w, https:\/\/a61361.mguro.sde.dk\/wp-content\/uploads\/2024\/06\/Froebombe-redigeret-768x492.jpg 768w\" sizes=\"(max-width: 780px) 100vw, 780px\" \/>\t\t\t\t\t\t\t\t\t\t\t\t\t<\/div>\n\t\t\t\t<\/div>\n\t\t\t\t<div class=\"elementor-element elementor-element-ecf4f04 elementor-widget elementor-widget-text-editor\" data-id=\"ecf4f04\" data-element_type=\"widget\" data-widget_type=\"text-editor.default\">\n\t\t\t\t<div class=\"elementor-widget-container\">\n\t\t\t\t\t\t\t<p>3 dl ler \/ lerpulver<br \/>2 dl kompost \/ jord<br \/>0,5 dl fr\u00f8<br \/>ca. 1,5 dl vand<\/p><p>Bland det hele godt sammen til en moderat fast masse.<br \/>Rul massen ud til en p\u00f8lse. Del p\u00f8lsen i seks dele og rul til kugler.<\/p>\t\t\t\t\t\t<\/div>\n\t\t\t\t<\/div>\n\t\t\t\t<div class=\"elementor-element elementor-element-b4e2115 elementor-widget elementor-widget-image\" data-id=\"b4e2115\" data-element_type=\"widget\" data-widget_type=\"image.default\">\n\t\t\t\t<div class=\"elementor-widget-container\">\n\t\t\t\t\t\t\t\t\t\t\t\t\t<img decoding=\"async\" width=\"780\" height=\"500\" src=\"https:\/\/a61361.mguro.sde.dk\/wp-content\/uploads\/2024\/06\/Lilla-Negle.jpg\" class=\"attachment-large size-large wp-image-136\" alt=\"\" srcset=\"https:\/\/a61361.mguro.sde.dk\/wp-content\/uploads\/2024\/06\/Lilla-Negle.jpg 780w, https:\/\/a61361.mguro.sde.dk\/wp-content\/uploads\/2024\/06\/Lilla-Negle-300x192.jpg 300w, https:\/\/a61361.mguro.sde.dk\/wp-content\/uploads\/2024\/06\/Lilla-Negle-768x492.jpg 768w\" sizes=\"(max-width: 780px) 100vw, 780px\" \/>\t\t\t\t\t\t\t\t\t\t\t\t\t<\/div>\n\t\t\t\t<\/div>\n\t\t\t\t<div class=\"elementor-element elementor-element-e67b7e0 elementor-widget elementor-widget-text-editor\" data-id=\"e67b7e0\" data-element_type=\"widget\" data-widget_type=\"text-editor.default\">\n\t\t\t\t<div class=\"elementor-widget-container\">\n\t\t\t\t\t\t\t<p>Lav et hul i midten og fyld op med fr\u00f8mix.<br \/>Kom et stykke jute-garn med knuder p\u00e5 ned i hullet.<br \/>Luk hullet og lad din fr\u00f8bombe t\u00f8rre, gerne nogle dage.<\/p>\t\t\t\t\t\t<\/div>\n\t\t\t\t<\/div>\n\t\t\t\t<div class=\"elementor-element elementor-element-6da4cf4 elementor-widget elementor-widget-image\" data-id=\"6da4cf4\" data-element_type=\"widget\" data-widget_type=\"image.default\">\n\t\t\t\t<div class=\"elementor-widget-container\">\n\t\t\t\t\t\t\t\t\t\t\t\t\t<img loading=\"lazy\" decoding=\"async\" width=\"780\" height=\"500\" src=\"https:\/\/a61361.mguro.sde.dk\/wp-content\/uploads\/2024\/06\/Froebomber-redigeret.jpg\" class=\"attachment-large size-large wp-image-131\" alt=\"\" srcset=\"https:\/\/a61361.mguro.sde.dk\/wp-content\/uploads\/2024\/06\/Froebomber-redigeret.jpg 780w, https:\/\/a61361.mguro.sde.dk\/wp-content\/uploads\/2024\/06\/Froebomber-redigeret-300x192.jpg 300w, https:\/\/a61361.mguro.sde.dk\/wp-content\/uploads\/2024\/06\/Froebomber-redigeret-768x492.jpg 768w\" sizes=\"(max-width: 780px) 100vw, 780px\" \/>\t\t\t\t\t\t\t\t\t\t\t\t\t<\/div>\n\t\t\t\t<\/div>\n\t\t\t\t<div class=\"elementor-element elementor-element-836c198 elementor-widget elementor-widget-text-editor\" data-id=\"836c198\" data-element_type=\"widget\" data-widget_type=\"text-editor.default\">\n\t\t\t\t<div class=\"elementor-widget-container\">\n\t\t\t\t\t\t\t<p>N\u00e5r fr\u00f8bomberne er t\u00f8rret, kan de kastes et passende sted p\u00e5 et passende tidspunkt.<\/p><p>Og s\u00e5 er det bare at vente p\u00e5 at de spirer.<br \/><br \/>Tak til Urban Garden Company for id\u00e9 og billeder.<\/p>\t\t\t\t\t\t<\/div>\n\t\t\t\t<\/div>\n\t\t\t\t\t<\/div>\n\t\t\t\t<\/div>\n\t\t\t\t<\/div>\n\t\t<div class=\"elementor-element elementor-element-8c8af33 e-con-full e-flex e-con e-parent\" data-id=\"8c8af33\" data-element_type=\"container\" data-settings=\"{&quot;background_background&quot;:&quot;classic&quot;}\">\n\t\t\t\t<div class=\"elementor-element elementor-element-81d9937 elementor-widget elementor-widget-heading\" data-id=\"81d9937\" data-element_type=\"widget\" data-widget_type=\"heading.default\">\n\t\t\t\t<div class=\"elementor-widget-container\">\n\t\t\t<h2 class=\"elementor-heading-title elementor-size-default\">Urban gardening g\u00f8r byen gr\u00f8nnere<\/h2>\t\t<\/div>\n\t\t\t\t<\/div>\n\t\t\t\t<div class=\"elementor-element elementor-element-8220cca elementor-widget elementor-widget-text-editor\" data-id=\"8220cca\" data-element_type=\"widget\" data-widget_type=\"text-editor.default\">\n\t\t\t\t<div class=\"elementor-widget-container\">\n\t\t\t\t\t\t\t<p>Med inspiration fra verdens storbyer vinder tendenser som urban gardening, guerilla gardening og urban farming frem, ogs\u00e5 i Danmarks st\u00f8rre byer.<\/p><p>S\u00e6rligt i K\u00f8benhavn skyder planter og haver frem p\u00e5 uventede steder: I bagg\u00e5rde, op ad murene, p\u00e5 tage og altaner. Her kan byboer med gr\u00f8nne fingre komme t\u00e6ttere p\u00e5 naturen, ikke bare til gl\u00e6de for mennesker, men ogs\u00e5 til gavn for byens insekt- og fugleliv.<\/p><p>\u00a0<\/p>\t\t\t\t\t\t<\/div>\n\t\t\t\t<\/div>\n\t\t\t\t<\/div>\n\t\t\t\t<\/div>\n\t\t","protected":false},"excerpt":{"rendered":"<p>Fr\u00f8bomben En fr\u00f8bombe er en kugle af lerjord fyldt med fr\u00f8. &#8220;Bomberne&#8221; kastes forskellige steder, hvor man gerne vil have, [&hellip;]<\/p>\n","protected":false},"author":1,"featured_media":0,"parent":0,"menu_order":0,"comment_status":"closed","ping_status":"closed","template":"","meta":{"site-sidebar-layout":"no-sidebar","site-content-layout":"","ast-site-content-layout":"full-width-container","site-content-style":"default","site-sidebar-style":"default","ast-global-header-display":"","ast-banner-title-visibility":"","ast-main-header-display":"","ast-hfb-above-header-display":"","ast-hfb-below-header-display":"","ast-hfb-mobile-header-display":"","site-post-title":"disabled","ast-breadcrumbs-content":"","ast-featured-img":"disabled","footer-sml-layout":"","theme-transparent-header-meta":"","adv-header-id-meta":"","stick-header-meta":"","header-above-stick-meta":"","header-main-stick-meta":"","header-below-stick-meta":"","astra-migrate-meta-layouts":"default","ast-page-background-enabled":"default","ast-page-background-meta":{"desktop":{"background-color":"var(--ast-global-color-4)","background-image":"","background-repeat":"repeat","background-position":"center center","background-size":"auto","background-attachment":"scroll","background-type":"","background-media":"","overlay-type":"","overlay-color":"","overlay-gradient":""},"tablet":{"background-color":"","background-image":"","background-repeat":"repeat","background-position":"center center","background-size":"auto","background-attachment":"scroll","background-type":"","background-media":"","overlay-type":"","overlay-color":"","overlay-gradient":""},"mobile":{"background-color":"","background-image":"","background-repeat":"repeat","background-position":"center center","background-size":"auto","background-attachment":"scroll","background-type":"","background-media":"","overlay-type":"","overlay-color":"","overlay-gradient":""}},"ast-content-background-meta":{"desktop":{"background-color":"var(--ast-global-color-5)","background-image":"","background-repeat":"repeat","background-position":"center center","background-size":"auto","background-attachment":"scroll","background-type":"","background-media":"","overlay-type":"","overlay-color":"","overlay-gradient":""},"tablet":{"background-color":"var(--ast-global-color-5)","background-image":"","background-repeat":"repeat","background-position":"center center","background-size":"auto","background-attachment":"scroll","background-type":"","background-media":"","overlay-type":"","overlay-color":"","overlay-gradient":""},"mobile":{"background-color":"var(--ast-global-color-5)","background-image":"","background-repeat":"repeat","background-position":"center center","background-size":"auto","background-attachment":"scroll","background-type":"","background-media":"","overlay-type":"","overlay-color":"","overlay-gradient":""}},"footnotes":""},"_links":{"self":[{"href":"https:\/\/a61361.mguro.sde.dk\/index.php?rest_route=\/wp\/v2\/pages\/56"}],"collection":[{"href":"https:\/\/a61361.mguro.sde.dk\/index.php?rest_route=\/wp\/v2\/pages"}],"about":[{"href":"https:\/\/a61361.mguro.sde.dk\/index.php?rest_route=\/wp\/v2\/types\/page"}],"author":[{"embeddable":true,"href":"https:\/\/a61361.mguro.sde.dk\/index.php?rest_route=\/wp\/v2\/users\/1"}],"replies":[{"embeddable":true,"href":"https:\/\/a61361.mguro.sde.dk\/index.php?rest_route=%2Fwp%2Fv2%2Fcomments&post=56"}],"version-history":[{"count":89,"href":"https:\/\/a61361.mguro.sde.dk\/index.php?rest_route=\/wp\/v2\/pages\/56\/revisions"}],"predecessor-version":[{"id":158,"href":"https:\/\/a61361.mguro.sde.dk\/index.php?rest_route=\/wp\/v2\/pages\/56\/revisions\/158"}],"wp:attachment":[{"href":"https:\/\/a61361.mguro.sde.dk\/index.php?rest_route=%2Fwp%2Fv2%2Fmedia&parent=56"}],"curies":[{"name":"wp","href":"https:\/\/api.w.org\/{rel}","templated":true}]}}